{"id":12,"date":"2023-07-31T14:49:04","date_gmt":"2023-07-31T12:49:04","guid":{"rendered":"https:\/\/www.larenouee.be\/?page_id=12"},"modified":"2023-10-12T13:33:06","modified_gmt":"2023-10-12T11:33:06","slug":"notre-histoire","status":"publish","type":"page","link":"https:\/\/www.larenouee.be\/?page_id=12","title":{"rendered":"Notre histoire"},"content":{"rendered":"\n<p>L&rsquo;ASBL LA RENOUEE a \u00e9t\u00e9 cr\u00e9\u00e9e en 1984 suite \u00e0 une r\u00e9flexion&nbsp;: que faire avec les adolescents et pr\u00e9 adultes en d\u00e9crochage scolaire, que leur apporter, comment les aider,\u2026<\/p>\n\n\n\n<p>De ce constat est n\u00e9 l&rsquo;id\u00e9e d&rsquo;une structure qui avait pour objectif de lutter, par tous les moyens, que l&rsquo;association saurait se procurer, contre l&rsquo;exclusion de ces jeunes, contre l&rsquo;exclusion scolaire et de donner ou redonner envie et espoir de sortir de la spirale de l&rsquo;exclusion sous toutes ses formes.<\/p>\n\n\n\n<p>Avec les ann\u00e9es, si la philosophie du projet est rest\u00e9e la m\u00eame, l&rsquo;application de celle-ci sur le terrain, a su \u00e9voluer selon les obligations, les d\u00e9crets, le public, la soci\u00e9t\u00e9,\u2026<\/p>\n\n\n\n<p>L&rsquo;ASBL LA RENOUEE poursuit ainsi sa mission d&rsquo;action sociale d\u00e9volue depuis sa cr\u00e9ation et ce au travers d&rsquo;un outil qui est:<\/p>\n\n\n\n<p>Son Entreprise de Formation par le Travail (EFT)<\/p>\n\n\n\n<p>L&rsquo;ASBL LA RENOUEE a \u00e9t\u00e9 reconnue comme Entreprise d&rsquo;Apprentissage Professionnel (EAP) en 1987, et devient en 1996 Entreprise de Formation par le travail.<\/p>\n\n\n\n<p>Nos stagiaires, \u00e2g\u00e9s de 18 ans et plus et ce aussi bien les filles que gar\u00e7ons ont le choix entre deux (2) fili\u00e8res de formation:&nbsp;&nbsp;&nbsp;&nbsp;&nbsp;&nbsp;&nbsp;&nbsp;&nbsp;&nbsp;&nbsp;<\/p>\n\n\n\n<p>&nbsp;&nbsp;&nbsp;&nbsp;&nbsp;&nbsp;&nbsp;&nbsp;&nbsp;&#8211;&nbsp;&nbsp;&nbsp;L&rsquo;horticulture<\/p>\n\n\n\n<p>&nbsp;&nbsp;&nbsp;&nbsp;&nbsp;&nbsp;&nbsp;&nbsp;&nbsp;&#8211;&nbsp;&nbsp;&nbsp;Ouvrier polyvalent dans l&rsquo;entretien de l&rsquo;habitat<\/p>\n\n\n\n<p>Nous sommes d\u00e9sormais un CISP depuis l&rsquo;Arr\u00eat\u00e9 du Gouvernement wallon du 15 d\u00e9cembre 2016 portant ex\u00e9cution du d\u00e9cret du 10 juillet 2013 relatif aux centres d\u2019insertion socioprofessionnelle.\u00a0<\/p>\n","protected":false},"excerpt":{"rendered":"<p>L&rsquo;ASBL LA RENOUEE a \u00e9t\u00e9 cr\u00e9\u00e9e en 1984 suite \u00e0 une r\u00e9flexion&nbsp;: que faire avec les adolescents et pr\u00e9 adultes en d\u00e9crochage scolaire, que leur apporter, comment les aider,\u2026 De ce constat est n\u00e9 l&rsquo;id\u00e9e d&rsquo;une structure qui avait pour objectif de lutter, par tous les moyens, que l&rsquo;association saurait se procurer, contre l&rsquo;exclusion de [&hellip;]<\/p>\n","protected":false},"author":1,"featured_media":0,"parent":0,"menu_order":0,"comment_status":"closed","ping_status":"closed","template":"","meta":{"footnotes":""},"class_list":["post-12","page","type-page","status-publish","hentry","wpbf-post"],"yoast_head":"<!-- This site is optimized with the Yoast SEO plugin v25.4 - https:\/\/yoast.com\/wordpress\/plugins\/seo\/ -->\n<title>Notre histoire - La Renou\u00e9e Asbl<\/title>\n<meta name=\"robots\" content=\"index, follow, max-snippet:-1, max-image-preview:large, max-video-preview:-1\" \/>\n<link rel=\"canonical\" href=\"https:\/\/www.larenouee.be\/?page_id=12\" \/>\n<meta property=\"og:locale\" content=\"fr_FR\" \/>\n<meta property=\"og:type\" content=\"article\" \/>\n<meta property=\"og:title\" content=\"Notre histoire - La Renou\u00e9e Asbl\" \/>\n<meta property=\"og:description\" content=\"L&rsquo;ASBL LA RENOUEE a \u00e9t\u00e9 cr\u00e9\u00e9e en 1984 suite \u00e0 une r\u00e9flexion&nbsp;: que faire avec les adolescents et pr\u00e9 adultes en d\u00e9crochage scolaire, que leur apporter, comment les aider,\u2026 De ce constat est n\u00e9 l&rsquo;id\u00e9e d&rsquo;une structure qui avait pour objectif de lutter, par tous les moyens, que l&rsquo;association saurait se procurer, contre l&rsquo;exclusion de [&hellip;]\" \/>\n<meta property=\"og:url\" content=\"https:\/\/www.larenouee.be\/?page_id=12\" \/>\n<meta property=\"og:site_name\" content=\"La Renou\u00e9e Asbl\" \/>\n<meta property=\"article:modified_time\" content=\"2023-10-12T11:33:06+00:00\" \/>\n<meta name=\"twitter:card\" content=\"summary_large_image\" \/>\n<meta name=\"twitter:label1\" content=\"Dur\u00e9e de lecture estim\u00e9e\" \/>\n\t<meta name=\"twitter:data1\" content=\"2 minutes\" \/>\n<script type=\"application\/ld+json\" class=\"yoast-schema-graph\">{\"@context\":\"https:\/\/schema.org\",\"@graph\":[{\"@type\":\"WebPage\",\"@id\":\"https:\/\/www.larenouee.be\/?page_id=12\",\"url\":\"https:\/\/www.larenouee.be\/?page_id=12\",\"name\":\"Notre histoire - La Renou\u00e9e Asbl\",\"isPartOf\":{\"@id\":\"https:\/\/www.larenouee.be\/#website\"},\"datePublished\":\"2023-07-31T12:49:04+00:00\",\"dateModified\":\"2023-10-12T11:33:06+00:00\",\"breadcrumb\":{\"@id\":\"https:\/\/www.larenouee.be\/?page_id=12#breadcrumb\"},\"inLanguage\":\"fr-FR\",\"potentialAction\":[{\"@type\":\"ReadAction\",\"target\":[\"https:\/\/www.larenouee.be\/?page_id=12\"]}]},{\"@type\":\"BreadcrumbList\",\"@id\":\"https:\/\/www.larenouee.be\/?page_id=12#breadcrumb\",\"itemListElement\":[{\"@type\":\"ListItem\",\"position\":1,\"name\":\"Accueil\",\"item\":\"https:\/\/www.larenouee.be\/\"},{\"@type\":\"ListItem\",\"position\":2,\"name\":\"Notre histoire\"}]},{\"@type\":\"WebSite\",\"@id\":\"https:\/\/www.larenouee.be\/#website\",\"url\":\"https:\/\/www.larenouee.be\/\",\"name\":\"La Renou\u00e9e Asbl\",\"description\":\"Entreprise de Formation par le travail depuis 1996\",\"publisher\":{\"@id\":\"https:\/\/www.larenouee.be\/#organization\"},\"potentialAction\":[{\"@type\":\"SearchAction\",\"target\":{\"@type\":\"EntryPoint\",\"urlTemplate\":\"https:\/\/www.larenouee.be\/?s={search_term_string}\"},\"query-input\":{\"@type\":\"PropertyValueSpecification\",\"valueRequired\":true,\"valueName\":\"search_term_string\"}}],\"inLanguage\":\"fr-FR\"},{\"@type\":\"Organization\",\"@id\":\"https:\/\/www.larenouee.be\/#organization\",\"name\":\"La Renou\u00e9e Asbl\",\"url\":\"https:\/\/www.larenouee.be\/\",\"logo\":{\"@type\":\"ImageObject\",\"inLanguage\":\"fr-FR\",\"@id\":\"https:\/\/www.larenouee.be\/#\/schema\/logo\/image\/\",\"url\":\"https:\/\/www.larenouee.be\/wp-content\/uploads\/2023\/07\/logo-renouee.jpg\",\"contentUrl\":\"https:\/\/www.larenouee.be\/wp-content\/uploads\/2023\/07\/logo-renouee.jpg\",\"width\":568,\"height\":789,\"caption\":\"La Renou\u00e9e Asbl\"},\"image\":{\"@id\":\"https:\/\/www.larenouee.be\/#\/schema\/logo\/image\/\"}}]}<\/script>\n<!-- \/ Yoast SEO plugin. -->","yoast_head_json":{"title":"Notre histoire - La Renou\u00e9e Asbl","robots":{"index":"index","follow":"follow","max-snippet":"max-snippet:-1","max-image-preview":"max-image-preview:large","max-video-preview":"max-video-preview:-1"},"canonical":"https:\/\/www.larenouee.be\/?page_id=12","og_locale":"fr_FR","og_type":"article","og_title":"Notre histoire - La Renou\u00e9e Asbl","og_description":"L&rsquo;ASBL LA RENOUEE a \u00e9t\u00e9 cr\u00e9\u00e9e en 1984 suite \u00e0 une r\u00e9flexion&nbsp;: que faire avec les adolescents et pr\u00e9 adultes en d\u00e9crochage scolaire, que leur apporter, comment les aider,\u2026 De ce constat est n\u00e9 l&rsquo;id\u00e9e d&rsquo;une structure qui avait pour objectif de lutter, par tous les moyens, que l&rsquo;association saurait se procurer, contre l&rsquo;exclusion de [&hellip;]","og_url":"https:\/\/www.larenouee.be\/?page_id=12","og_site_name":"La Renou\u00e9e Asbl","article_modified_time":"2023-10-12T11:33:06+00:00","twitter_card":"summary_large_image","twitter_misc":{"Dur\u00e9e de lecture estim\u00e9e":"2 minutes"},"schema":{"@context":"https:\/\/schema.org","@graph":[{"@type":"WebPage","@id":"https:\/\/www.larenouee.be\/?page_id=12","url":"https:\/\/www.larenouee.be\/?page_id=12","name":"Notre histoire - La Renou\u00e9e Asbl","isPartOf":{"@id":"https:\/\/www.larenouee.be\/#website"},"datePublished":"2023-07-31T12:49:04+00:00","dateModified":"2023-10-12T11:33:06+00:00","breadcrumb":{"@id":"https:\/\/www.larenouee.be\/?page_id=12#breadcrumb"},"inLanguage":"fr-FR","potentialAction":[{"@type":"ReadAction","target":["https:\/\/www.larenouee.be\/?page_id=12"]}]},{"@type":"BreadcrumbList","@id":"https:\/\/www.larenouee.be\/?page_id=12#breadcrumb","itemListElement":[{"@type":"ListItem","position":1,"name":"Accueil","item":"https:\/\/www.larenouee.be\/"},{"@type":"ListItem","position":2,"name":"Notre histoire"}]},{"@type":"WebSite","@id":"https:\/\/www.larenouee.be\/#website","url":"https:\/\/www.larenouee.be\/","name":"La Renou\u00e9e Asbl","description":"Entreprise de Formation par le travail depuis 1996","publisher":{"@id":"https:\/\/www.larenouee.be\/#organization"},"potentialAction":[{"@type":"SearchAction","target":{"@type":"EntryPoint","urlTemplate":"https:\/\/www.larenouee.be\/?s={search_term_string}"},"query-input":{"@type":"PropertyValueSpecification","valueRequired":true,"valueName":"search_term_string"}}],"inLanguage":"fr-FR"},{"@type":"Organization","@id":"https:\/\/www.larenouee.be\/#organization","name":"La Renou\u00e9e Asbl","url":"https:\/\/www.larenouee.be\/","logo":{"@type":"ImageObject","inLanguage":"fr-FR","@id":"https:\/\/www.larenouee.be\/#\/schema\/logo\/image\/","url":"https:\/\/www.larenouee.be\/wp-content\/uploads\/2023\/07\/logo-renouee.jpg","contentUrl":"https:\/\/www.larenouee.be\/wp-content\/uploads\/2023\/07\/logo-renouee.jpg","width":568,"height":789,"caption":"La Renou\u00e9e Asbl"},"image":{"@id":"https:\/\/www.larenouee.be\/#\/schema\/logo\/image\/"}}]}},"_links":{"self":[{"href":"https:\/\/www.larenouee.be\/index.php?rest_route=\/wp\/v2\/pages\/12","targetHints":{"allow":["GET"]}}],"collection":[{"href":"https:\/\/www.larenouee.be\/index.php?rest_route=\/wp\/v2\/pages"}],"about":[{"href":"https:\/\/www.larenouee.be\/index.php?rest_route=\/wp\/v2\/types\/page"}],"author":[{"embeddable":true,"href":"https:\/\/www.larenouee.be\/index.php?rest_route=\/wp\/v2\/users\/1"}],"replies":[{"embeddable":true,"href":"https:\/\/www.larenouee.be\/index.php?rest_route=%2Fwp%2Fv2%2Fcomments&post=12"}],"version-history":[{"count":4,"href":"https:\/\/www.larenouee.be\/index.php?rest_route=\/wp\/v2\/pages\/12\/revisions"}],"predecessor-version":[{"id":133,"href":"https:\/\/www.larenouee.be\/index.php?rest_route=\/wp\/v2\/pages\/12\/revisions\/133"}],"wp:attachment":[{"href":"https:\/\/www.larenouee.be\/index.php?rest_route=%2Fwp%2Fv2%2Fmedia&parent=12"}],"curies":[{"name":"wp","href":"https:\/\/api.w.org\/{rel}","templated":true}]}}