{"id":15,"date":"2023-07-31T14:49:24","date_gmt":"2023-07-31T12:49:24","guid":{"rendered":"https:\/\/www.larenouee.be\/?page_id=15"},"modified":"2023-10-12T13:48:00","modified_gmt":"2023-10-12T11:48:00","slug":"notre-equipe","status":"publish","type":"page","link":"https:\/\/www.larenouee.be\/?page_id=15","title":{"rendered":"Notre \u00e9quipe"},"content":{"rendered":"\n<h2 class=\"wp-block-heading\">Direction<\/h2>\n\n\n\n<p>065\/82.57.97<br><a href=\"mailto:larenouee@skynet.be\" target=\"_blank\" rel=\"noreferrer noopener\">larenouee@skynet.be<\/a><br><a href=\"mailto:larenouee@gmail.com\" target=\"_blank\" rel=\"noreferrer noopener\">larenouee@gmail.com<\/a><\/p>\n\n\n\n<h2 class=\"wp-block-heading\">Aide comptable et secr\u00e9tariat<\/h2>\n\n\n\n<p>065\/82.57.97<br><a href=\"mailto:larenouee@gmail.com\" target=\"_blank\" rel=\"noreferrer noopener\">larenouee@gmail.com<\/a><\/p>\n\n\n\n<h2 class=\"wp-block-heading\">Assistante sociale<\/h2>\n\n\n\n<p>065\/82.57.97<br>GSM : 0473\/38.26.30<br><a href=\"mailto:servicesocial.larenouee@gmail.com\" target=\"_blank\" rel=\"noreferrer noopener\">servicesocial.larenouee@gmail.com<\/a><\/p>\n\n\n\n<h2 class=\"wp-block-heading\">Contrema\u00eetre<\/h2>\n\n\n\n<p>065\/82.57.97<br><a href=\"mailto:larenouee@skynet.be\" target=\"_blank\" rel=\"noreferrer noopener\">larenouee@skynet.be<\/a><br><a href=\"mailto:larenouee@gmail.com\" target=\"_blank\" rel=\"noreferrer noopener\">larenouee@gmail.com<\/a><\/p>\n\n\n\n<h2 class=\"wp-block-heading\">Formateurs<\/h2>\n\n\n\n<p>(horticulture &#8211; b\u00e2timent &#8211; polyvalent \u00ab\u00a0Permis de conduire, VCA, travail en hauteur\u00a0\u00bb)\u00a0<\/p>\n","protected":false},"excerpt":{"rendered":"<p>Direction 065\/82.57.97larenouee@skynet.belarenouee@gmail.com Aide comptable et secr\u00e9tariat 065\/82.57.97larenouee@gmail.com Assistante sociale 065\/82.57.97GSM : 0473\/38.26.30servicesocial.larenouee@gmail.com Contrema\u00eetre 065\/82.57.97larenouee@skynet.belarenouee@gmail.com Formateurs (horticulture &#8211; b\u00e2timent &#8211; polyvalent \u00ab\u00a0Permis de conduire, VCA, travail en hauteur\u00a0\u00bb)\u00a0<\/p>\n","protected":false},"author":1,"featured_media":0,"parent":0,"menu_order":0,"comment_status":"closed","ping_status":"closed","template":"","meta":{"footnotes":""},"class_list":["post-15","page","type-page","status-publish","hentry","wpbf-post"],"yoast_head":"<!-- This site is optimized with the Yoast SEO plugin v25.4 - https:\/\/yoast.com\/wordpress\/plugins\/seo\/ -->\n<title>Notre \u00e9quipe - La Renou\u00e9e Asbl<\/title>\n<meta name=\"robots\" content=\"index, follow, max-snippet:-1, max-image-preview:large, max-video-preview:-1\" \/>\n<link rel=\"canonical\" href=\"https:\/\/www.larenouee.be\/?page_id=15\" \/>\n<meta property=\"og:locale\" content=\"fr_FR\" \/>\n<meta property=\"og:type\" content=\"article\" \/>\n<meta property=\"og:title\" content=\"Notre \u00e9quipe - La Renou\u00e9e Asbl\" \/>\n<meta property=\"og:description\" content=\"Direction 065\/82.57.97larenouee@skynet.belarenouee@gmail.com Aide comptable et secr\u00e9tariat 065\/82.57.97larenouee@gmail.com Assistante sociale 065\/82.57.97GSM : 0473\/38.26.30servicesocial.larenouee@gmail.com Contrema\u00eetre 065\/82.57.97larenouee@skynet.belarenouee@gmail.com Formateurs (horticulture &#8211; b\u00e2timent &#8211; polyvalent \u00ab\u00a0Permis de conduire, VCA, travail en hauteur\u00a0\u00bb)\u00a0\" \/>\n<meta property=\"og:url\" content=\"https:\/\/www.larenouee.be\/?page_id=15\" \/>\n<meta property=\"og:site_name\" content=\"La Renou\u00e9e Asbl\" \/>\n<meta property=\"article:modified_time\" content=\"2023-10-12T11:48:00+00:00\" \/>\n<meta name=\"twitter:card\" content=\"summary_large_image\" \/>\n<meta name=\"twitter:label1\" content=\"Dur\u00e9e de lecture estim\u00e9e\" \/>\n\t<meta name=\"twitter:data1\" content=\"1 minute\" \/>\n<script type=\"application\/ld+json\" class=\"yoast-schema-graph\">{\"@context\":\"https:\/\/schema.org\",\"@graph\":[{\"@type\":\"WebPage\",\"@id\":\"https:\/\/www.larenouee.be\/?page_id=15\",\"url\":\"https:\/\/www.larenouee.be\/?page_id=15\",\"name\":\"Notre \u00e9quipe - La Renou\u00e9e Asbl\",\"isPartOf\":{\"@id\":\"https:\/\/www.larenouee.be\/#website\"},\"datePublished\":\"2023-07-31T12:49:24+00:00\",\"dateModified\":\"2023-10-12T11:48:00+00:00\",\"breadcrumb\":{\"@id\":\"https:\/\/www.larenouee.be\/?page_id=15#breadcrumb\"},\"inLanguage\":\"fr-FR\",\"potentialAction\":[{\"@type\":\"ReadAction\",\"target\":[\"https:\/\/www.larenouee.be\/?page_id=15\"]}]},{\"@type\":\"BreadcrumbList\",\"@id\":\"https:\/\/www.larenouee.be\/?page_id=15#breadcrumb\",\"itemListElement\":[{\"@type\":\"ListItem\",\"position\":1,\"name\":\"Accueil\",\"item\":\"https:\/\/www.larenouee.be\/\"},{\"@type\":\"ListItem\",\"position\":2,\"name\":\"Notre \u00e9quipe\"}]},{\"@type\":\"WebSite\",\"@id\":\"https:\/\/www.larenouee.be\/#website\",\"url\":\"https:\/\/www.larenouee.be\/\",\"name\":\"La Renou\u00e9e Asbl\",\"description\":\"Entreprise de Formation par le travail depuis 1996\",\"publisher\":{\"@id\":\"https:\/\/www.larenouee.be\/#organization\"},\"potentialAction\":[{\"@type\":\"SearchAction\",\"target\":{\"@type\":\"EntryPoint\",\"urlTemplate\":\"https:\/\/www.larenouee.be\/?s={search_term_string}\"},\"query-input\":{\"@type\":\"PropertyValueSpecification\",\"valueRequired\":true,\"valueName\":\"search_term_string\"}}],\"inLanguage\":\"fr-FR\"},{\"@type\":\"Organization\",\"@id\":\"https:\/\/www.larenouee.be\/#organization\",\"name\":\"La Renou\u00e9e Asbl\",\"url\":\"https:\/\/www.larenouee.be\/\",\"logo\":{\"@type\":\"ImageObject\",\"inLanguage\":\"fr-FR\",\"@id\":\"https:\/\/www.larenouee.be\/#\/schema\/logo\/image\/\",\"url\":\"https:\/\/www.larenouee.be\/wp-content\/uploads\/2023\/07\/logo-renouee.jpg\",\"contentUrl\":\"https:\/\/www.larenouee.be\/wp-content\/uploads\/2023\/07\/logo-renouee.jpg\",\"width\":568,\"height\":789,\"caption\":\"La Renou\u00e9e Asbl\"},\"image\":{\"@id\":\"https:\/\/www.larenouee.be\/#\/schema\/logo\/image\/\"}}]}<\/script>\n<!-- \/ Yoast SEO plugin. -->","yoast_head_json":{"title":"Notre \u00e9quipe - La Renou\u00e9e Asbl","robots":{"index":"index","follow":"follow","max-snippet":"max-snippet:-1","max-image-preview":"max-image-preview:large","max-video-preview":"max-video-preview:-1"},"canonical":"https:\/\/www.larenouee.be\/?page_id=15","og_locale":"fr_FR","og_type":"article","og_title":"Notre \u00e9quipe - La Renou\u00e9e Asbl","og_description":"Direction 065\/82.57.97larenouee@skynet.belarenouee@gmail.com Aide comptable et secr\u00e9tariat 065\/82.57.97larenouee@gmail.com Assistante sociale 065\/82.57.97GSM : 0473\/38.26.30servicesocial.larenouee@gmail.com Contrema\u00eetre 065\/82.57.97larenouee@skynet.belarenouee@gmail.com Formateurs (horticulture &#8211; b\u00e2timent &#8211; polyvalent \u00ab\u00a0Permis de conduire, VCA, travail en hauteur\u00a0\u00bb)\u00a0","og_url":"https:\/\/www.larenouee.be\/?page_id=15","og_site_name":"La Renou\u00e9e Asbl","article_modified_time":"2023-10-12T11:48:00+00:00","twitter_card":"summary_large_image","twitter_misc":{"Dur\u00e9e de lecture estim\u00e9e":"1 minute"},"schema":{"@context":"https:\/\/schema.org","@graph":[{"@type":"WebPage","@id":"https:\/\/www.larenouee.be\/?page_id=15","url":"https:\/\/www.larenouee.be\/?page_id=15","name":"Notre \u00e9quipe - La Renou\u00e9e Asbl","isPartOf":{"@id":"https:\/\/www.larenouee.be\/#website"},"datePublished":"2023-07-31T12:49:24+00:00","dateModified":"2023-10-12T11:48:00+00:00","breadcrumb":{"@id":"https:\/\/www.larenouee.be\/?page_id=15#breadcrumb"},"inLanguage":"fr-FR","potentialAction":[{"@type":"ReadAction","target":["https:\/\/www.larenouee.be\/?page_id=15"]}]},{"@type":"BreadcrumbList","@id":"https:\/\/www.larenouee.be\/?page_id=15#breadcrumb","itemListElement":[{"@type":"ListItem","position":1,"name":"Accueil","item":"https:\/\/www.larenouee.be\/"},{"@type":"ListItem","position":2,"name":"Notre \u00e9quipe"}]},{"@type":"WebSite","@id":"https:\/\/www.larenouee.be\/#website","url":"https:\/\/www.larenouee.be\/","name":"La Renou\u00e9e Asbl","description":"Entreprise de Formation par le travail depuis 1996","publisher":{"@id":"https:\/\/www.larenouee.be\/#organization"},"potentialAction":[{"@type":"SearchAction","target":{"@type":"EntryPoint","urlTemplate":"https:\/\/www.larenouee.be\/?s={search_term_string}"},"query-input":{"@type":"PropertyValueSpecification","valueRequired":true,"valueName":"search_term_string"}}],"inLanguage":"fr-FR"},{"@type":"Organization","@id":"https:\/\/www.larenouee.be\/#organization","name":"La Renou\u00e9e Asbl","url":"https:\/\/www.larenouee.be\/","logo":{"@type":"ImageObject","inLanguage":"fr-FR","@id":"https:\/\/www.larenouee.be\/#\/schema\/logo\/image\/","url":"https:\/\/www.larenouee.be\/wp-content\/uploads\/2023\/07\/logo-renouee.jpg","contentUrl":"https:\/\/www.larenouee.be\/wp-content\/uploads\/2023\/07\/logo-renouee.jpg","width":568,"height":789,"caption":"La Renou\u00e9e Asbl"},"image":{"@id":"https:\/\/www.larenouee.be\/#\/schema\/logo\/image\/"}}]}},"_links":{"self":[{"href":"https:\/\/www.larenouee.be\/index.php?rest_route=\/wp\/v2\/pages\/15","targetHints":{"allow":["GET"]}}],"collection":[{"href":"https:\/\/www.larenouee.be\/index.php?rest_route=\/wp\/v2\/pages"}],"about":[{"href":"https:\/\/www.larenouee.be\/index.php?rest_route=\/wp\/v2\/types\/page"}],"author":[{"embeddable":true,"href":"https:\/\/www.larenouee.be\/index.php?rest_route=\/wp\/v2\/users\/1"}],"replies":[{"embeddable":true,"href":"https:\/\/www.larenouee.be\/index.php?rest_route=%2Fwp%2Fv2%2Fcomments&post=15"}],"version-history":[{"count":4,"href":"https:\/\/www.larenouee.be\/index.php?rest_route=\/wp\/v2\/pages\/15\/revisions"}],"predecessor-version":[{"id":138,"href":"https:\/\/www.larenouee.be\/index.php?rest_route=\/wp\/v2\/pages\/15\/revisions\/138"}],"wp:attachment":[{"href":"https:\/\/www.larenouee.be\/index.php?rest_route=%2Fwp%2Fv2%2Fmedia&parent=15"}],"curies":[{"name":"wp","href":"https:\/\/api.w.org\/{rel}","templated":true}]}}