{"id":17,"date":"2023-07-31T14:49:49","date_gmt":"2023-07-31T12:49:49","guid":{"rendered":"https:\/\/www.larenouee.be\/?page_id=17"},"modified":"2023-10-12T14:20:52","modified_gmt":"2023-10-12T12:20:52","slug":"nos-formations","status":"publish","type":"page","link":"https:\/\/www.larenouee.be\/?page_id=17","title":{"rendered":"Nos formations"},"content":{"rendered":"\n<div class=\"wp-block-media-text alignwide is-stacked-on-mobile\"><figure class=\"wp-block-media-text__media\"><img loading=\"lazy\" decoding=\"async\" width=\"1024\" height=\"1024\" src=\"https:\/\/www.larenouee.be\/wp-content\/uploads\/2023\/07\/RS-formation-batiment-1024x1024.jpg\" alt=\"\" class=\"wp-image-23 size-full\" srcset=\"https:\/\/www.larenouee.be\/wp-content\/uploads\/2023\/07\/RS-formation-batiment-1024x1024.jpg 1024w, https:\/\/www.larenouee.be\/wp-content\/uploads\/2023\/07\/RS-formation-batiment-300x300.jpg 300w, https:\/\/www.larenouee.be\/wp-content\/uploads\/2023\/07\/RS-formation-batiment-150x150.jpg 150w, https:\/\/www.larenouee.be\/wp-content\/uploads\/2023\/07\/RS-formation-batiment-768x768.jpg 768w, https:\/\/www.larenouee.be\/wp-content\/uploads\/2023\/07\/RS-formation-batiment.jpg 1080w\" sizes=\"auto, (max-width: 1024px) 100vw, 1024px\" \/><\/figure><div class=\"wp-block-media-text__content\">\n<h2 class=\"wp-block-heading\">Section B\u00e2timent<\/h2>\n\n\n\n<p>Ouvrier polyvalent du b\u00e2timent<\/p>\n\n\n\n<p>Ma\u00e7onnerie&nbsp;: pose de blocs et de brique, jointoyage, pr\u00e9paration du mortier, faire les m\u00e9langes. Pose de plaque de pl\u00e2tre&nbsp;&nbsp;sur une structure en m\u00e9tal ou en bois.&nbsp;<\/p>\n\n\n\n<p>Menuiserie&nbsp;: d\u00e9coupe, pon\u00e7age, assemblage, r\u00e9paration de meubles, cr\u00e9ation de mobilier en bois. Customisation.&nbsp;<\/p>\n\n\n\n<p>Carrelage&nbsp;: petite chape et stabilis\u00e9, reconna\u00eetre et choisir les diff\u00e9rentes colles, faire des d\u00e9coupes de carrelage. Poser le carrelage.&nbsp;<\/p>\n\n\n\n<p>Plafonnage&nbsp;:&nbsp;pr\u00e9parer les supports, plafonner<\/p>\n\n\n\n<p>Peinture&nbsp;:&nbsp;pr\u00e9parer les supports, prot\u00e9ger les surfaces, calculer la quantit\u00e9 de couleur selon la surface, appliquer le primer, poser la couleur. Pose de papier peint, fibre de verre.&nbsp;<\/p>\n\n\n\n<p>Am\u00e9nagement&nbsp;:&nbsp;d\u00e9coration, r\u00e9paration, cr\u00e9ation<\/p>\n\n\n\n<div class=\"wp-block-buttons has-custom-font-size has-regular-font-size is-horizontal is-content-justification-center is-layout-flex wp-container-core-buttons-is-layout-d68a6c7c wp-block-buttons-is-layout-flex\">\n<div class=\"wp-block-button\"><a class=\"wp-block-button__link has-luminous-vivid-orange-background-color has-background wp-element-button\" href=\"mailto:servicesocial.larenouee@gmail.com\">Contactez notre service social<\/a><\/div>\n<\/div>\n<\/div><\/div>\n\n\n<ul class=\"wp-block-latest-posts__list is-grid columns-2 wp-block-latest-posts\"><li><div class=\"wp-block-latest-posts__featured-image aligncenter\"><a href=\"https:\/\/www.larenouee.be\/?p=213\" aria-label=\"Chantier encombrants\"><img loading=\"lazy\" decoding=\"async\" width=\"225\" height=\"300\" src=\"https:\/\/www.larenouee.be\/wp-content\/uploads\/2024\/03\/405181058_2152285115116840_8245064597395804948_n-225x300.jpg\" class=\"attachment-medium size-medium wp-post-image\" alt=\"\" style=\"max-width:300px;max-height:300px;\" srcset=\"https:\/\/www.larenouee.be\/wp-content\/uploads\/2024\/03\/405181058_2152285115116840_8245064597395804948_n-225x300.jpg 225w, https:\/\/www.larenouee.be\/wp-content\/uploads\/2024\/03\/405181058_2152285115116840_8245064597395804948_n-768x1024.jpg 768w, https:\/\/www.larenouee.be\/wp-content\/uploads\/2024\/03\/405181058_2152285115116840_8245064597395804948_n-1152x1536.jpg 1152w, https:\/\/www.larenouee.be\/wp-content\/uploads\/2024\/03\/405181058_2152285115116840_8245064597395804948_n.jpg 1500w\" sizes=\"auto, (max-width: 225px) 100vw, 225px\" \/><\/a><\/div><a class=\"wp-block-latest-posts__post-title\" href=\"https:\/\/www.larenouee.be\/?p=213\">Chantier encombrants<\/a><\/li>\n<li><div class=\"wp-block-latest-posts__featured-image aligncenter\"><a href=\"https:\/\/www.larenouee.be\/?p=162\" aria-label=\"Chantier Peinture\"><img loading=\"lazy\" decoding=\"async\" width=\"225\" height=\"300\" src=\"https:\/\/www.larenouee.be\/wp-content\/uploads\/2023\/10\/355511564_798369158742716_5333589627475057998_n-225x300.jpg\" class=\"attachment-medium size-medium wp-post-image\" alt=\"\" style=\"max-width:300px;max-height:300px;\" srcset=\"https:\/\/www.larenouee.be\/wp-content\/uploads\/2023\/10\/355511564_798369158742716_5333589627475057998_n-225x300.jpg 225w, https:\/\/www.larenouee.be\/wp-content\/uploads\/2023\/10\/355511564_798369158742716_5333589627475057998_n-768x1024.jpg 768w, https:\/\/www.larenouee.be\/wp-content\/uploads\/2023\/10\/355511564_798369158742716_5333589627475057998_n-1152x1536.jpg 1152w, https:\/\/www.larenouee.be\/wp-content\/uploads\/2023\/10\/355511564_798369158742716_5333589627475057998_n.jpg 1536w\" sizes=\"auto, (max-width: 225px) 100vw, 225px\" \/><\/a><\/div><a class=\"wp-block-latest-posts__post-title\" href=\"https:\/\/www.larenouee.be\/?p=162\">Chantier Peinture<\/a><\/li>\n<li><div class=\"wp-block-latest-posts__featured-image aligncenter\"><a href=\"https:\/\/www.larenouee.be\/?p=1\" aria-label=\"Chantier &#8211; Mise en peinture d&rsquo;une pergolas\"><img loading=\"lazy\" decoding=\"async\" width=\"300\" height=\"225\" src=\"https:\/\/www.larenouee.be\/wp-content\/uploads\/2023\/10\/382484607_849346553644976_70519209751724450_n-300x225.jpg\" class=\"attachment-medium size-medium wp-post-image\" alt=\"\" style=\"max-width:300px;max-height:300px;\" srcset=\"https:\/\/www.larenouee.be\/wp-content\/uploads\/2023\/10\/382484607_849346553644976_70519209751724450_n-300x225.jpg 300w, https:\/\/www.larenouee.be\/wp-content\/uploads\/2023\/10\/382484607_849346553644976_70519209751724450_n.jpg 373w\" sizes=\"auto, (max-width: 300px) 100vw, 300px\" \/><\/a><\/div><a class=\"wp-block-latest-posts__post-title\" href=\"https:\/\/www.larenouee.be\/?p=1\">Chantier &#8211; Mise en peinture d&rsquo;une pergolas<\/a><\/li>\n<\/ul>\n\n\n<div class=\"wp-block-media-text alignwide has-media-on-the-right is-stacked-on-mobile\"><div class=\"wp-block-media-text__content\">\n<h2 class=\"wp-block-heading has-text-align-right\">Section Horticulture<\/h2>\n\n\n\n<p class=\"has-text-align-right\">Ouvrier parc et jardin&nbsp;: Tonte de pelouse, taille de haie, d\u00e9broussaillage, \u00e9lagage, abatage simple, cr\u00e9ation et entretien de pelouse, cr\u00e9ation et am\u00e9nagement. Entretien de parterres. Plantations. Pose de cl\u00f4ture.&nbsp;<\/p>\n\n\n\n<p class=\"has-text-align-right\">Culture maraich\u00e8re&nbsp;: pr\u00e9paration du sol, semis, plantations, multiplication des plantes (repiquage, rempotage, bouturage, division), d\u00e9veloppement des plantes (respecter les distances, effeuillage, taille, tuteurage, eboutonnage). Gestion d\u2019un potager.&nbsp;<\/p>\n\n\n\n<div class=\"wp-block-buttons is-content-justification-center is-layout-flex wp-container-core-buttons-is-layout-a89b3969 wp-block-buttons-is-layout-flex\">\n<div class=\"wp-block-button is-style-fill\"><a class=\"wp-block-button__link has-vivid-green-cyan-background-color has-background wp-element-button\" href=\"mailto:servicesocial.larenouee@gmail.com\">Contactez notre service social<\/a><\/div>\n<\/div>\n<\/div><figure class=\"wp-block-media-text__media\"><img loading=\"lazy\" decoding=\"async\" width=\"1024\" height=\"1024\" src=\"https:\/\/www.larenouee.be\/wp-content\/uploads\/2023\/07\/RS-formation-horticulture-1024x1024.jpg\" alt=\"\" class=\"wp-image-25 size-full\" srcset=\"https:\/\/www.larenouee.be\/wp-content\/uploads\/2023\/07\/RS-formation-horticulture-1024x1024.jpg 1024w, https:\/\/www.larenouee.be\/wp-content\/uploads\/2023\/07\/RS-formation-horticulture-300x300.jpg 300w, https:\/\/www.larenouee.be\/wp-content\/uploads\/2023\/07\/RS-formation-horticulture-150x150.jpg 150w, https:\/\/www.larenouee.be\/wp-content\/uploads\/2023\/07\/RS-formation-horticulture-768x768.jpg 768w, https:\/\/www.larenouee.be\/wp-content\/uploads\/2023\/07\/RS-formation-horticulture.jpg 1080w\" sizes=\"auto, (max-width: 1024px) 100vw, 1024px\" \/><\/figure><\/div>\n\n\n<ul class=\"wp-block-latest-posts__list is-grid columns-3 wp-block-latest-posts\"><li><a class=\"wp-block-latest-posts__post-title\" href=\"https:\/\/www.larenouee.be\/?p=230\">Chantier horticulture avant\/ apr\u00e8s!<\/a><\/li>\n<li><div class=\"wp-block-latest-posts__featured-image aligncenter\"><a href=\"https:\/\/www.larenouee.be\/?p=181\" aria-label=\"Chantier Horticulture &#8211; taille de haies\"><img loading=\"lazy\" decoding=\"async\" width=\"300\" height=\"225\" src=\"https:\/\/www.larenouee.be\/wp-content\/uploads\/2023\/10\/336247249_5744461838991046_2333130408693369218_n-300x225.jpg\" class=\"attachment-medium size-medium wp-post-image\" alt=\"\" style=\"\" srcset=\"https:\/\/www.larenouee.be\/wp-content\/uploads\/2023\/10\/336247249_5744461838991046_2333130408693369218_n-300x225.jpg 300w, https:\/\/www.larenouee.be\/wp-content\/uploads\/2023\/10\/336247249_5744461838991046_2333130408693369218_n-1024x768.jpg 1024w, https:\/\/www.larenouee.be\/wp-content\/uploads\/2023\/10\/336247249_5744461838991046_2333130408693369218_n-768x576.jpg 768w, https:\/\/www.larenouee.be\/wp-content\/uploads\/2023\/10\/336247249_5744461838991046_2333130408693369218_n-1536x1152.jpg 1536w, https:\/\/www.larenouee.be\/wp-content\/uploads\/2023\/10\/336247249_5744461838991046_2333130408693369218_n.jpg 2048w\" sizes=\"auto, (max-width: 300px) 100vw, 300px\" \/><\/a><\/div><a class=\"wp-block-latest-posts__post-title\" href=\"https:\/\/www.larenouee.be\/?p=181\">Chantier Horticulture &#8211; taille de haies<\/a><\/li>\n<li><div class=\"wp-block-latest-posts__featured-image aligncenter\"><a href=\"https:\/\/www.larenouee.be\/?p=173\" aria-label=\"Chantier Horticulture &#8211; taille particuli\u00e8re de haies\"><img loading=\"lazy\" decoding=\"async\" width=\"300\" height=\"225\" src=\"https:\/\/www.larenouee.be\/wp-content\/uploads\/2023\/10\/342362886_176386408678345_1562573029775838974_n-300x225.jpg\" class=\"attachment-medium size-medium wp-post-image\" alt=\"\" style=\"\" srcset=\"https:\/\/www.larenouee.be\/wp-content\/uploads\/2023\/10\/342362886_176386408678345_1562573029775838974_n-300x225.jpg 300w, https:\/\/www.larenouee.be\/wp-content\/uploads\/2023\/10\/342362886_176386408678345_1562573029775838974_n-1024x768.jpg 1024w, https:\/\/www.larenouee.be\/wp-content\/uploads\/2023\/10\/342362886_176386408678345_1562573029775838974_n-768x576.jpg 768w, https:\/\/www.larenouee.be\/wp-content\/uploads\/2023\/10\/342362886_176386408678345_1562573029775838974_n-1536x1152.jpg 1536w, https:\/\/www.larenouee.be\/wp-content\/uploads\/2023\/10\/342362886_176386408678345_1562573029775838974_n.jpg 2000w\" sizes=\"auto, (max-width: 300px) 100vw, 300px\" \/><\/a><\/div><a class=\"wp-block-latest-posts__post-title\" href=\"https:\/\/www.larenouee.be\/?p=173\">Chantier Horticulture &#8211; taille particuli\u00e8re de haies<\/a><\/li>\n<li><div class=\"wp-block-latest-posts__featured-image aligncenter\"><a href=\"https:\/\/www.larenouee.be\/?p=52\" aria-label=\"Chantier Horticulture &#8211; nettoyage d&rsquo;un jardin\"><img loading=\"lazy\" decoding=\"async\" width=\"300\" height=\"225\" src=\"https:\/\/www.larenouee.be\/wp-content\/uploads\/2023\/10\/383756345_849339763645655_2066255727639849549_n-300x225.jpg\" class=\"attachment-medium size-medium wp-post-image\" alt=\"\" style=\"\" srcset=\"https:\/\/www.larenouee.be\/wp-content\/uploads\/2023\/10\/383756345_849339763645655_2066255727639849549_n-300x225.jpg 300w, https:\/\/www.larenouee.be\/wp-content\/uploads\/2023\/10\/383756345_849339763645655_2066255727639849549_n-1024x768.jpg 1024w, https:\/\/www.larenouee.be\/wp-content\/uploads\/2023\/10\/383756345_849339763645655_2066255727639849549_n-768x576.jpg 768w, https:\/\/www.larenouee.be\/wp-content\/uploads\/2023\/10\/383756345_849339763645655_2066255727639849549_n-1536x1152.jpg 1536w, https:\/\/www.larenouee.be\/wp-content\/uploads\/2023\/10\/383756345_849339763645655_2066255727639849549_n.jpg 2000w\" sizes=\"auto, (max-width: 300px) 100vw, 300px\" \/><\/a><\/div><a class=\"wp-block-latest-posts__post-title\" href=\"https:\/\/www.larenouee.be\/?p=52\">Chantier Horticulture &#8211; nettoyage d&rsquo;un jardin<\/a><\/li>\n<\/ul>","protected":false},"excerpt":{"rendered":"","protected":false},"author":1,"featured_media":0,"parent":0,"menu_order":0,"comment_status":"closed","ping_status":"closed","template":"","meta":{"footnotes":""},"class_list":["post-17","page","type-page","status-publish","hentry","wpbf-post"],"yoast_head":"<!-- This site is optimized with the Yoast SEO plugin v25.4 - https:\/\/yoast.com\/wordpress\/plugins\/seo\/ -->\n<title>Nos formations - La Renou\u00e9e Asbl<\/title>\n<meta name=\"robots\" content=\"index, follow, max-snippet:-1, max-image-preview:large, max-video-preview:-1\" \/>\n<link rel=\"canonical\" href=\"https:\/\/www.larenouee.be\/?page_id=17\" \/>\n<meta property=\"og:locale\" content=\"fr_FR\" \/>\n<meta property=\"og:type\" content=\"article\" \/>\n<meta property=\"og:title\" content=\"Nos formations - La Renou\u00e9e Asbl\" \/>\n<meta property=\"og:url\" content=\"https:\/\/www.larenouee.be\/?page_id=17\" \/>\n<meta property=\"og:site_name\" content=\"La Renou\u00e9e Asbl\" \/>\n<meta property=\"article:modified_time\" content=\"2023-10-12T12:20:52+00:00\" \/>\n<meta property=\"og:image\" content=\"https:\/\/www.larenouee.be\/wp-content\/uploads\/2023\/07\/RS-formation-batiment-1024x1024.jpg\" \/>\n<meta name=\"twitter:card\" content=\"summary_large_image\" \/>\n<meta name=\"twitter:label1\" content=\"Dur\u00e9e de lecture estim\u00e9e\" \/>\n\t<meta name=\"twitter:data1\" content=\"2 minutes\" \/>\n<script type=\"application\/ld+json\" class=\"yoast-schema-graph\">{\"@context\":\"https:\/\/schema.org\",\"@graph\":[{\"@type\":\"WebPage\",\"@id\":\"https:\/\/www.larenouee.be\/?page_id=17\",\"url\":\"https:\/\/www.larenouee.be\/?page_id=17\",\"name\":\"Nos formations - La Renou\u00e9e Asbl\",\"isPartOf\":{\"@id\":\"https:\/\/www.larenouee.be\/#website\"},\"primaryImageOfPage\":{\"@id\":\"https:\/\/www.larenouee.be\/?page_id=17#primaryimage\"},\"image\":{\"@id\":\"https:\/\/www.larenouee.be\/?page_id=17#primaryimage\"},\"thumbnailUrl\":\"https:\/\/www.larenouee.be\/wp-content\/uploads\/2023\/07\/RS-formation-batiment-1024x1024.jpg\",\"datePublished\":\"2023-07-31T12:49:49+00:00\",\"dateModified\":\"2023-10-12T12:20:52+00:00\",\"breadcrumb\":{\"@id\":\"https:\/\/www.larenouee.be\/?page_id=17#breadcrumb\"},\"inLanguage\":\"fr-FR\",\"potentialAction\":[{\"@type\":\"ReadAction\",\"target\":[\"https:\/\/www.larenouee.be\/?page_id=17\"]}]},{\"@type\":\"ImageObject\",\"inLanguage\":\"fr-FR\",\"@id\":\"https:\/\/www.larenouee.be\/?page_id=17#primaryimage\",\"url\":\"https:\/\/www.larenouee.be\/wp-content\/uploads\/2023\/07\/RS-formation-batiment.jpg\",\"contentUrl\":\"https:\/\/www.larenouee.be\/wp-content\/uploads\/2023\/07\/RS-formation-batiment.jpg\",\"width\":1080,\"height\":1080},{\"@type\":\"BreadcrumbList\",\"@id\":\"https:\/\/www.larenouee.be\/?page_id=17#breadcrumb\",\"itemListElement\":[{\"@type\":\"ListItem\",\"position\":1,\"name\":\"Accueil\",\"item\":\"https:\/\/www.larenouee.be\/\"},{\"@type\":\"ListItem\",\"position\":2,\"name\":\"Nos formations\"}]},{\"@type\":\"WebSite\",\"@id\":\"https:\/\/www.larenouee.be\/#website\",\"url\":\"https:\/\/www.larenouee.be\/\",\"name\":\"La Renou\u00e9e Asbl\",\"description\":\"Entreprise de Formation par le travail depuis 1996\",\"publisher\":{\"@id\":\"https:\/\/www.larenouee.be\/#organization\"},\"potentialAction\":[{\"@type\":\"SearchAction\",\"target\":{\"@type\":\"EntryPoint\",\"urlTemplate\":\"https:\/\/www.larenouee.be\/?s={search_term_string}\"},\"query-input\":{\"@type\":\"PropertyValueSpecification\",\"valueRequired\":true,\"valueName\":\"search_term_string\"}}],\"inLanguage\":\"fr-FR\"},{\"@type\":\"Organization\",\"@id\":\"https:\/\/www.larenouee.be\/#organization\",\"name\":\"La Renou\u00e9e Asbl\",\"url\":\"https:\/\/www.larenouee.be\/\",\"logo\":{\"@type\":\"ImageObject\",\"inLanguage\":\"fr-FR\",\"@id\":\"https:\/\/www.larenouee.be\/#\/schema\/logo\/image\/\",\"url\":\"https:\/\/www.larenouee.be\/wp-content\/uploads\/2023\/07\/logo-renouee.jpg\",\"contentUrl\":\"https:\/\/www.larenouee.be\/wp-content\/uploads\/2023\/07\/logo-renouee.jpg\",\"width\":568,\"height\":789,\"caption\":\"La Renou\u00e9e Asbl\"},\"image\":{\"@id\":\"https:\/\/www.larenouee.be\/#\/schema\/logo\/image\/\"}}]}<\/script>\n<!-- \/ Yoast SEO plugin. -->","yoast_head_json":{"title":"Nos formations - La Renou\u00e9e Asbl","robots":{"index":"index","follow":"follow","max-snippet":"max-snippet:-1","max-image-preview":"max-image-preview:large","max-video-preview":"max-video-preview:-1"},"canonical":"https:\/\/www.larenouee.be\/?page_id=17","og_locale":"fr_FR","og_type":"article","og_title":"Nos formations - La Renou\u00e9e Asbl","og_url":"https:\/\/www.larenouee.be\/?page_id=17","og_site_name":"La Renou\u00e9e Asbl","article_modified_time":"2023-10-12T12:20:52+00:00","og_image":[{"url":"https:\/\/www.larenouee.be\/wp-content\/uploads\/2023\/07\/RS-formation-batiment-1024x1024.jpg","type":"","width":"","height":""}],"twitter_card":"summary_large_image","twitter_misc":{"Dur\u00e9e de lecture estim\u00e9e":"2 minutes"},"schema":{"@context":"https:\/\/schema.org","@graph":[{"@type":"WebPage","@id":"https:\/\/www.larenouee.be\/?page_id=17","url":"https:\/\/www.larenouee.be\/?page_id=17","name":"Nos formations - La Renou\u00e9e Asbl","isPartOf":{"@id":"https:\/\/www.larenouee.be\/#website"},"primaryImageOfPage":{"@id":"https:\/\/www.larenouee.be\/?page_id=17#primaryimage"},"image":{"@id":"https:\/\/www.larenouee.be\/?page_id=17#primaryimage"},"thumbnailUrl":"https:\/\/www.larenouee.be\/wp-content\/uploads\/2023\/07\/RS-formation-batiment-1024x1024.jpg","datePublished":"2023-07-31T12:49:49+00:00","dateModified":"2023-10-12T12:20:52+00:00","breadcrumb":{"@id":"https:\/\/www.larenouee.be\/?page_id=17#breadcrumb"},"inLanguage":"fr-FR","potentialAction":[{"@type":"ReadAction","target":["https:\/\/www.larenouee.be\/?page_id=17"]}]},{"@type":"ImageObject","inLanguage":"fr-FR","@id":"https:\/\/www.larenouee.be\/?page_id=17#primaryimage","url":"https:\/\/www.larenouee.be\/wp-content\/uploads\/2023\/07\/RS-formation-batiment.jpg","contentUrl":"https:\/\/www.larenouee.be\/wp-content\/uploads\/2023\/07\/RS-formation-batiment.jpg","width":1080,"height":1080},{"@type":"BreadcrumbList","@id":"https:\/\/www.larenouee.be\/?page_id=17#breadcrumb","itemListElement":[{"@type":"ListItem","position":1,"name":"Accueil","item":"https:\/\/www.larenouee.be\/"},{"@type":"ListItem","position":2,"name":"Nos formations"}]},{"@type":"WebSite","@id":"https:\/\/www.larenouee.be\/#website","url":"https:\/\/www.larenouee.be\/","name":"La Renou\u00e9e Asbl","description":"Entreprise de Formation par le travail depuis 1996","publisher":{"@id":"https:\/\/www.larenouee.be\/#organization"},"potentialAction":[{"@type":"SearchAction","target":{"@type":"EntryPoint","urlTemplate":"https:\/\/www.larenouee.be\/?s={search_term_string}"},"query-input":{"@type":"PropertyValueSpecification","valueRequired":true,"valueName":"search_term_string"}}],"inLanguage":"fr-FR"},{"@type":"Organization","@id":"https:\/\/www.larenouee.be\/#organization","name":"La Renou\u00e9e Asbl","url":"https:\/\/www.larenouee.be\/","logo":{"@type":"ImageObject","inLanguage":"fr-FR","@id":"https:\/\/www.larenouee.be\/#\/schema\/logo\/image\/","url":"https:\/\/www.larenouee.be\/wp-content\/uploads\/2023\/07\/logo-renouee.jpg","contentUrl":"https:\/\/www.larenouee.be\/wp-content\/uploads\/2023\/07\/logo-renouee.jpg","width":568,"height":789,"caption":"La Renou\u00e9e Asbl"},"image":{"@id":"https:\/\/www.larenouee.be\/#\/schema\/logo\/image\/"}}]}},"_links":{"self":[{"href":"https:\/\/www.larenouee.be\/index.php?rest_route=\/wp\/v2\/pages\/17","targetHints":{"allow":["GET"]}}],"collection":[{"href":"https:\/\/www.larenouee.be\/index.php?rest_route=\/wp\/v2\/pages"}],"about":[{"href":"https:\/\/www.larenouee.be\/index.php?rest_route=\/wp\/v2\/types\/page"}],"author":[{"embeddable":true,"href":"https:\/\/www.larenouee.be\/index.php?rest_route=\/wp\/v2\/users\/1"}],"replies":[{"embeddable":true,"href":"https:\/\/www.larenouee.be\/index.php?rest_route=%2Fwp%2Fv2%2Fcomments&post=17"}],"version-history":[{"count":13,"href":"https:\/\/www.larenouee.be\/index.php?rest_route=\/wp\/v2\/pages\/17\/revisions"}],"predecessor-version":[{"id":172,"href":"https:\/\/www.larenouee.be\/index.php?rest_route=\/wp\/v2\/pages\/17\/revisions\/172"}],"wp:attachment":[{"href":"https:\/\/www.larenouee.be\/index.php?rest_route=%2Fwp%2Fv2%2Fmedia&parent=17"}],"curies":[{"name":"wp","href":"https:\/\/api.w.org\/{rel}","templated":true}]}}