{"id":21,"date":"2023-07-31T14:51:14","date_gmt":"2023-07-31T12:51:14","guid":{"rendered":"https:\/\/www.larenouee.be\/?page_id=21"},"modified":"2023-07-31T15:10:59","modified_gmt":"2023-07-31T13:10:59","slug":"nos-missions","status":"publish","type":"page","link":"https:\/\/www.larenouee.be\/?page_id=21","title":{"rendered":"Nos missions"},"content":{"rendered":"\n<p>Accueillir les stagiaires, les former en veillant \u00e0 les confronter aux r\u00e9alit\u00e9s inh\u00e9rentes au travail en entreprise. Pour ce faire, nos stagiaires se forment en atelier, en terrain d\u2019apprentissage, sur chantier et en stage. Par cette formation en alternance, nous avons l&rsquo;ambition de leur assurer une insertion socioprofessionnelle soit par la reprise d&rsquo;une formation qualifiante, soit par un acc\u00e8s \u00e0 l&#8217;emploi.<\/p>\n\n\n\n<p>Dans un premier temps, nous veillons \u00e0 r\u00e9gulariser la situation sociale et\/ou judiciaire et\/ou administrative du stagiaire, pendant cette p\u00e9riode, nous essayons d&rsquo;amener le stagiaire \u00e0 se conformer aux normes relatives au travail en entreprise (horaire, discipline,\u2026) donc socialiser et restructurer.<\/p>\n\n\n\n<p>La formation th\u00e9orique et pratique vise \u00e0 donner aux stagiaires une r\u00e9elle exp\u00e9rience de travail qui leur permettra de se positionner de fa\u00e7on ad\u00e9quate sur le march\u00e9 de l&#8217;emploi.<\/p>\n\n\n\n<p>Cette formation est \u00e9galement compl\u00e9t\u00e9e par une s\u00e9rie de modules interactifs, rem\u00e9diation fran\u00e7ais\/calcul, permis de conduire th\u00e9orique, citoyennet\u00e9, informatique, s\u00e9curit\u00e9 et hygi\u00e8ne, travaille en hauteur (montage d\u2019\u00e9chafaudage),&nbsp;&nbsp;et autres qui sont un plus lors de la recherche d&#8217;emploi\u2026 ou la reprise de formation qualifiante\u2026 donc mettre \u00e0 niveau, pr\u00e9qualifier et orienter.<\/p>\n\n\n\n<p>L&rsquo;acc\u00e8s au travail est aussi facilit\u00e9 par une r\u00e9elle recherche d&#8217;emploi, par des stages concrets en entreprise et par des possibilit\u00e9s d&rsquo;aides financi\u00e8res aupr\u00e8s des employeurs potentiels (aides \u00e0 l&#8217;emploi, convention avec les CPAS art 60 et 61, \u2026 entreprises d&rsquo;insertion\u2026)<\/p>\n\n\n\n<p>Enfin, il faut noter que \u00ab\u00a0LA RENOUEE\u00a0\u00bb est proche d&rsquo;une m\u00e9thodologie bas\u00e9e sur \u00ab\u00a0l&rsquo;individuel\u00a0\u00bb et que, d\u00e8s lors, les stagiaires entrent en formation durant toute l&rsquo;ann\u00e9e civile et que tout le travail de formation est adapt\u00e9 pour chaque stagiaire de fa\u00e7on individuelle et individualis\u00e9e donc un stagiaire ne passe pas forc\u00e9ment par les m\u00eames modules ni pour une m\u00eame dur\u00e9e en comparaison de l&rsquo;ensemble des stagiaires et du programme (rapidit\u00e9, lenteur, comp\u00e9tences,\u2026 objectifs, Situation sociale,\u2026).<\/p>\n\n\n\n<p>Sans cesse en \u00e9volution, La Renou\u00e9e a la volont\u00e9 de s&rsquo;int\u00e9grer dans la nouvelle terminologie des CISP, tout en continuant un renouvellement certain en parall\u00e8le \u00e0 la transformation de la demande du march\u00e9 de l&#8217;emploi mais \u00e9galement du public que nous formons chaque jour.&nbsp;&nbsp;Chaque ann\u00e9e, de nouvelles probl\u00e9matiques d\u00e9cel\u00e9es nous permettent d&rsquo;agr\u00e9menter nos formations de modules suppl\u00e9mentaires.<\/p>\n\n\n\n<p>Un service social est \u00e9galement pr\u00e9sent afin r\u00e9pondre \u00e0 toutes les attentes et demandes du stagiaire.&nbsp;<\/p>\n","protected":false},"excerpt":{"rendered":"<p>Accueillir les stagiaires, les former en veillant \u00e0 les confronter aux r\u00e9alit\u00e9s inh\u00e9rentes au travail en entreprise. Pour ce faire, nos stagiaires se forment en atelier, en terrain d\u2019apprentissage, sur chantier et en stage. Par cette formation en alternance, nous avons l&rsquo;ambition de leur assurer une insertion socioprofessionnelle soit par la reprise d&rsquo;une formation qualifiante, [&hellip;]<\/p>\n","protected":false},"author":1,"featured_media":0,"parent":0,"menu_order":0,"comment_status":"closed","ping_status":"closed","template":"","meta":{"footnotes":""},"class_list":["post-21","page","type-page","status-publish","hentry","wpbf-post"],"yoast_head":"<!-- This site is optimized with the Yoast SEO plugin v25.4 - https:\/\/yoast.com\/wordpress\/plugins\/seo\/ -->\n<title>Nos missions - La Renou\u00e9e Asbl<\/title>\n<meta name=\"robots\" content=\"index, follow, max-snippet:-1, max-image-preview:large, max-video-preview:-1\" \/>\n<link rel=\"canonical\" href=\"https:\/\/www.larenouee.be\/?page_id=21\" \/>\n<meta property=\"og:locale\" content=\"fr_FR\" \/>\n<meta property=\"og:type\" content=\"article\" \/>\n<meta property=\"og:title\" content=\"Nos missions - La Renou\u00e9e Asbl\" \/>\n<meta property=\"og:description\" content=\"Accueillir les stagiaires, les former en veillant \u00e0 les confronter aux r\u00e9alit\u00e9s inh\u00e9rentes au travail en entreprise. Pour ce faire, nos stagiaires se forment en atelier, en terrain d\u2019apprentissage, sur chantier et en stage. Par cette formation en alternance, nous avons l&rsquo;ambition de leur assurer une insertion socioprofessionnelle soit par la reprise d&rsquo;une formation qualifiante, [&hellip;]\" \/>\n<meta property=\"og:url\" content=\"https:\/\/www.larenouee.be\/?page_id=21\" \/>\n<meta property=\"og:site_name\" content=\"La Renou\u00e9e Asbl\" \/>\n<meta property=\"article:modified_time\" content=\"2023-07-31T13:10:59+00:00\" \/>\n<meta name=\"twitter:card\" content=\"summary_large_image\" \/>\n<meta name=\"twitter:label1\" content=\"Dur\u00e9e de lecture estim\u00e9e\" \/>\n\t<meta name=\"twitter:data1\" content=\"2 minutes\" \/>\n<script type=\"application\/ld+json\" class=\"yoast-schema-graph\">{\"@context\":\"https:\/\/schema.org\",\"@graph\":[{\"@type\":\"WebPage\",\"@id\":\"https:\/\/www.larenouee.be\/?page_id=21\",\"url\":\"https:\/\/www.larenouee.be\/?page_id=21\",\"name\":\"Nos missions - La Renou\u00e9e Asbl\",\"isPartOf\":{\"@id\":\"https:\/\/www.larenouee.be\/#website\"},\"datePublished\":\"2023-07-31T12:51:14+00:00\",\"dateModified\":\"2023-07-31T13:10:59+00:00\",\"breadcrumb\":{\"@id\":\"https:\/\/www.larenouee.be\/?page_id=21#breadcrumb\"},\"inLanguage\":\"fr-FR\",\"potentialAction\":[{\"@type\":\"ReadAction\",\"target\":[\"https:\/\/www.larenouee.be\/?page_id=21\"]}]},{\"@type\":\"BreadcrumbList\",\"@id\":\"https:\/\/www.larenouee.be\/?page_id=21#breadcrumb\",\"itemListElement\":[{\"@type\":\"ListItem\",\"position\":1,\"name\":\"Accueil\",\"item\":\"https:\/\/www.larenouee.be\/\"},{\"@type\":\"ListItem\",\"position\":2,\"name\":\"Nos missions\"}]},{\"@type\":\"WebSite\",\"@id\":\"https:\/\/www.larenouee.be\/#website\",\"url\":\"https:\/\/www.larenouee.be\/\",\"name\":\"La Renou\u00e9e Asbl\",\"description\":\"Entreprise de Formation par le travail depuis 1996\",\"publisher\":{\"@id\":\"https:\/\/www.larenouee.be\/#organization\"},\"potentialAction\":[{\"@type\":\"SearchAction\",\"target\":{\"@type\":\"EntryPoint\",\"urlTemplate\":\"https:\/\/www.larenouee.be\/?s={search_term_string}\"},\"query-input\":{\"@type\":\"PropertyValueSpecification\",\"valueRequired\":true,\"valueName\":\"search_term_string\"}}],\"inLanguage\":\"fr-FR\"},{\"@type\":\"Organization\",\"@id\":\"https:\/\/www.larenouee.be\/#organization\",\"name\":\"La Renou\u00e9e Asbl\",\"url\":\"https:\/\/www.larenouee.be\/\",\"logo\":{\"@type\":\"ImageObject\",\"inLanguage\":\"fr-FR\",\"@id\":\"https:\/\/www.larenouee.be\/#\/schema\/logo\/image\/\",\"url\":\"https:\/\/www.larenouee.be\/wp-content\/uploads\/2023\/07\/logo-renouee.jpg\",\"contentUrl\":\"https:\/\/www.larenouee.be\/wp-content\/uploads\/2023\/07\/logo-renouee.jpg\",\"width\":568,\"height\":789,\"caption\":\"La Renou\u00e9e Asbl\"},\"image\":{\"@id\":\"https:\/\/www.larenouee.be\/#\/schema\/logo\/image\/\"}}]}<\/script>\n<!-- \/ Yoast SEO plugin. -->","yoast_head_json":{"title":"Nos missions - La Renou\u00e9e Asbl","robots":{"index":"index","follow":"follow","max-snippet":"max-snippet:-1","max-image-preview":"max-image-preview:large","max-video-preview":"max-video-preview:-1"},"canonical":"https:\/\/www.larenouee.be\/?page_id=21","og_locale":"fr_FR","og_type":"article","og_title":"Nos missions - La Renou\u00e9e Asbl","og_description":"Accueillir les stagiaires, les former en veillant \u00e0 les confronter aux r\u00e9alit\u00e9s inh\u00e9rentes au travail en entreprise. Pour ce faire, nos stagiaires se forment en atelier, en terrain d\u2019apprentissage, sur chantier et en stage. Par cette formation en alternance, nous avons l&rsquo;ambition de leur assurer une insertion socioprofessionnelle soit par la reprise d&rsquo;une formation qualifiante, [&hellip;]","og_url":"https:\/\/www.larenouee.be\/?page_id=21","og_site_name":"La Renou\u00e9e Asbl","article_modified_time":"2023-07-31T13:10:59+00:00","twitter_card":"summary_large_image","twitter_misc":{"Dur\u00e9e de lecture estim\u00e9e":"2 minutes"},"schema":{"@context":"https:\/\/schema.org","@graph":[{"@type":"WebPage","@id":"https:\/\/www.larenouee.be\/?page_id=21","url":"https:\/\/www.larenouee.be\/?page_id=21","name":"Nos missions - La Renou\u00e9e Asbl","isPartOf":{"@id":"https:\/\/www.larenouee.be\/#website"},"datePublished":"2023-07-31T12:51:14+00:00","dateModified":"2023-07-31T13:10:59+00:00","breadcrumb":{"@id":"https:\/\/www.larenouee.be\/?page_id=21#breadcrumb"},"inLanguage":"fr-FR","potentialAction":[{"@type":"ReadAction","target":["https:\/\/www.larenouee.be\/?page_id=21"]}]},{"@type":"BreadcrumbList","@id":"https:\/\/www.larenouee.be\/?page_id=21#breadcrumb","itemListElement":[{"@type":"ListItem","position":1,"name":"Accueil","item":"https:\/\/www.larenouee.be\/"},{"@type":"ListItem","position":2,"name":"Nos missions"}]},{"@type":"WebSite","@id":"https:\/\/www.larenouee.be\/#website","url":"https:\/\/www.larenouee.be\/","name":"La Renou\u00e9e Asbl","description":"Entreprise de Formation par le travail depuis 1996","publisher":{"@id":"https:\/\/www.larenouee.be\/#organization"},"potentialAction":[{"@type":"SearchAction","target":{"@type":"EntryPoint","urlTemplate":"https:\/\/www.larenouee.be\/?s={search_term_string}"},"query-input":{"@type":"PropertyValueSpecification","valueRequired":true,"valueName":"search_term_string"}}],"inLanguage":"fr-FR"},{"@type":"Organization","@id":"https:\/\/www.larenouee.be\/#organization","name":"La Renou\u00e9e Asbl","url":"https:\/\/www.larenouee.be\/","logo":{"@type":"ImageObject","inLanguage":"fr-FR","@id":"https:\/\/www.larenouee.be\/#\/schema\/logo\/image\/","url":"https:\/\/www.larenouee.be\/wp-content\/uploads\/2023\/07\/logo-renouee.jpg","contentUrl":"https:\/\/www.larenouee.be\/wp-content\/uploads\/2023\/07\/logo-renouee.jpg","width":568,"height":789,"caption":"La Renou\u00e9e Asbl"},"image":{"@id":"https:\/\/www.larenouee.be\/#\/schema\/logo\/image\/"}}]}},"_links":{"self":[{"href":"https:\/\/www.larenouee.be\/index.php?rest_route=\/wp\/v2\/pages\/21","targetHints":{"allow":["GET"]}}],"collection":[{"href":"https:\/\/www.larenouee.be\/index.php?rest_route=\/wp\/v2\/pages"}],"about":[{"href":"https:\/\/www.larenouee.be\/index.php?rest_route=\/wp\/v2\/types\/page"}],"author":[{"embeddable":true,"href":"https:\/\/www.larenouee.be\/index.php?rest_route=\/wp\/v2\/users\/1"}],"replies":[{"embeddable":true,"href":"https:\/\/www.larenouee.be\/index.php?rest_route=%2Fwp%2Fv2%2Fcomments&post=21"}],"version-history":[{"count":2,"href":"https:\/\/www.larenouee.be\/index.php?rest_route=\/wp\/v2\/pages\/21\/revisions"}],"predecessor-version":[{"id":33,"href":"https:\/\/www.larenouee.be\/index.php?rest_route=\/wp\/v2\/pages\/21\/revisions\/33"}],"wp:attachment":[{"href":"https:\/\/www.larenouee.be\/index.php?rest_route=%2Fwp%2Fv2%2Fmedia&parent=21"}],"curies":[{"name":"wp","href":"https:\/\/api.w.org\/{rel}","templated":true}]}}